{"id":837,"date":"2018-02-05T21:32:47","date_gmt":"2018-02-05T20:32:47","guid":{"rendered":"http:\/\/www.natalja-pantle.com\/?page_id=837"},"modified":"2022-04-10T19:22:30","modified_gmt":"2022-04-10T17:22:30","slug":"impressum","status":"publish","type":"page","link":"https:\/\/www.natalja-pantle.com\/?page_id=837","title":{"rendered":"Impressum"},"content":{"rendered":"<p style=\"text-align: left;\"><strong>Impressum<img loading=\"lazy\" decoding=\"async\" class=\"wp-image-900 alignright\" src=\"http:\/\/www.natalja-pantle.com\/wp-content\/uploads\/2018\/02\/cropped-npLogo-300x300.png\" alt=\"\" width=\"128\" height=\"128\" srcset=\"https:\/\/www.natalja-pantle.com\/wp-content\/uploads\/2018\/02\/cropped-npLogo-300x300.png 300w, https:\/\/www.natalja-pantle.com\/wp-content\/uploads\/2018\/02\/cropped-npLogo-150x150.png 150w, https:\/\/www.natalja-pantle.com\/wp-content\/uploads\/2018\/02\/cropped-npLogo-270x270.png 270w, https:\/\/www.natalja-pantle.com\/wp-content\/uploads\/2018\/02\/cropped-npLogo-192x192.png 192w, https:\/\/www.natalja-pantle.com\/wp-content\/uploads\/2018\/02\/cropped-npLogo-180x180.png 180w, https:\/\/www.natalja-pantle.com\/wp-content\/uploads\/2018\/02\/cropped-npLogo-32x32.png 32w, https:\/\/www.natalja-pantle.com\/wp-content\/uploads\/2018\/02\/cropped-npLogo.png 512w\" sizes=\"auto, (max-width: 128px) 100vw, 128px\" \/><\/strong><br \/>\nAngaben gem\u00e4\u00df \u00a7 5 TMG:<\/p>\n<p style=\"text-align: left;\">Natalja Pantle M.A.<br \/>\nFreie Trainerin und Dozentin<\/p>\n<p style=\"text-align: left;\"><strong>Kontakt:<\/strong><br \/>\nE-Mail: info@natalja-pantle.com<br \/>\nE-Mail: info@konfliktisch.com<br \/>\nSeite: www.konfliktisch.com<br \/>\nSeite: www.natalja-pantle.com<\/p>\n<p><strong>Illustrationen:<\/strong><\/p>\n<p>www.clipdealer.com<\/p>\n<p><strong>Streitschlichtung<\/strong><\/p>\n<p>Die Europ\u00e4ische Kommission stellt eine Plattform zur Online-Streitbeilegung (OS) bereit: https:\/\/ec.europa.eu\/consumers\/odr<br \/>\nUnsere E-Mail-Adresse finden Sie oben im Impressum. Wir sind nicht bereit oder verpflichtet, an Streitbeilegungsverfahren vor einer Verbraucherschlichtungsstelle teilzunehmen.<\/p>\n<p><strong>Haftungsausschluss (Dislaimer)<\/strong><\/p>\n<p><em>Haftung f\u00fcr Inhalte<\/em><\/p>\n<p>Als Diensteanbieter sind wir gem\u00e4\u00df \u00a7 7 Abs.1 TMG f\u00fcr eigene Inhalte auf diesen Seiten nach den allgemeinen Gesetzen verantwortlich. Nach \u00a7\u00a7 8 bis 10 TMG sind wir als Diensteanbieter jedoch nicht verpflichtet, \u00fcbermittelte oder gespeicherte fremde Informationen zu \u00fcberwachen oder nach Umst\u00e4nden zu forschen, die auf eine rechtswidrige T\u00e4tigkeit hinweisen.<br \/>\nVerpflichtungen zur Entfernung oder Sperrung der Nutzung von Informationen nach den allgemeinen Gesetzen bleiben hiervon unber\u00fchrt. Eine diesbez\u00fcgliche Haftung ist jedoch erst ab dem Zeitpunkt der Kenntnis einer konkreten Rechtsverletzung m\u00f6glich. Bei Bekanntwerden von entsprechenden Rechtsverletzungen werden wir diese Inhalte umgehend entfernen.<\/p>\n<p><em>Haftung f\u00fcr Links<\/em><\/p>\n<p>Unser Angebot enth\u00e4lt Links zu externen Webseiten Dritter, auf deren Inhalte wir keinen Einfluss haben. Deshalb k\u00f6nnen wir f\u00fcr diese fremden Inhalte auch keine Gew\u00e4hr \u00fcbernehmen. F\u00fcr die Inhalte der verlinkten Seiten ist stets der jeweilige Anbieter oder Betreiber der Seiten verantwortlich. Die verlinkten Seiten wurden zum Zeitpunkt der Verlinkung auf m\u00f6gliche Rechtsverst\u00f6\u00dfe \u00fcberpr\u00fcft. Rechtswidrige<br \/>\nInhalte waren zum Zeitpunkt der Verlinkung nicht erkennbar. Eine permanente inhaltliche Kontrolle der verlinkten Seiten ist jedoch ohne konkrete Anhaltspunkte einer Rechtsverletzung nicht zumutbar. Bei Bekanntwerden von Rechtsverletzungen werden wir derartige Links<br \/>\numgehend entfernen.<\/p>\n<p><em>Bei weiterf\u00fchrenden Links<\/em>\u00a0haften wir nicht f\u00fcr deren Inhalt. Hiermit distanzieren wir uns ausdr\u00fccklich von deren Inhalten.<\/p>\n<p><em>Urheberrecht<\/em><\/p>\n<p>Die durch die Seitenbetreiber erstellten Inhalte und Werke auf diesen Seiten unterliegen dem deutschen Urheberrecht. Die Vervielf\u00e4ltigung, Bearbeitung, Verbreitung und jede Art der Verwertung au\u00dferhalb der Grenzen des Urheberrechtes bed\u00fcrfen der schriftlichen Zustimmung des jeweiligen Autors bzw. Erstellers. Downloads und Kopien dieser Seite sind nur f\u00fcr den privaten, nicht kommerziellen Gebrauch gestattet. Soweit die Inhalte auf dieser Seite nicht vom Betreiber erstellt wurden, werden die Urheberrechte Dritter beachtet. Insbesondere werden Inhalte Dritter als solche gekennzeichnet. Sollten Sie trotzdem auf eine Urheberrechtsverletzung aufmerksam werden, bitten wir um einen entsprechenden Hinweis. Bei Bekanntwerden von Rechtsverletzungen werden wir derartige Inhalte umgehend entfernen.<\/p>\n<p>Quelle: https:\/\/www.e-recht24.de<\/p>\n<p style=\"text-align: center;\" align=\"center\">\u00a9 2022\u00a0 \u00a0 \u00a0 Nachdruck nur mit Genehmigung des Autors<\/p>\n","protected":false},"excerpt":{"rendered":"<p>Impressum Angaben gem\u00e4\u00df \u00a7 5 TMG: Natalja Pantle M.A. Freie Trainerin und Dozentin Kontakt: E-Mail: info@natalja-pantle.com E-Mail: info@konfliktisch.com Seite: www.konfliktisch.com Seite: www.natalja-pantle.com Illustrationen: www.clipdealer.com Streitschlichtung Die Europ\u00e4ische Kommission stellt eine Plattform zur Online-Streitbeilegung (OS) bereit: https:\/\/ec.europa.eu\/consumers\/odr Unsere E-Mail-Adresse finden Sie oben im Impressum. Wir sind nicht bereit oder verpflichtet, an Streitbeilegungsverfahren vor einer Verbraucherschlichtungsstelle teilzunehmen.<\/p>\n","protected":false},"author":1,"featured_media":0,"parent":0,"menu_order":0,"comment_status":"closed","ping_status":"closed","template":"","meta":{"footnotes":""},"class_list":["post-837","page","type-page","status-publish","hentry"],"_links":{"self":[{"href":"https:\/\/www.natalja-pantle.com\/index.php?rest_route=\/wp\/v2\/pages\/837","targetHints":{"allow":["GET"]}}],"collection":[{"href":"https:\/\/www.natalja-pantle.com\/index.php?rest_route=\/wp\/v2\/pages"}],"about":[{"href":"https:\/\/www.natalja-pantle.com\/index.php?rest_route=\/wp\/v2\/types\/page"}],"author":[{"embeddable":true,"href":"https:\/\/www.natalja-pantle.com\/index.php?rest_route=\/wp\/v2\/users\/1"}],"replies":[{"embeddable":true,"href":"https:\/\/www.natalja-pantle.com\/index.php?rest_route=%2Fwp%2Fv2%2Fcomments&post=837"}],"version-history":[{"count":20,"href":"https:\/\/www.natalja-pantle.com\/index.php?rest_route=\/wp\/v2\/pages\/837\/revisions"}],"predecessor-version":[{"id":1419,"href":"https:\/\/www.natalja-pantle.com\/index.php?rest_route=\/wp\/v2\/pages\/837\/revisions\/1419"}],"wp:attachment":[{"href":"https:\/\/www.natalja-pantle.com\/index.php?rest_route=%2Fwp%2Fv2%2Fmedia&parent=837"}],"curies":[{"name":"wp","href":"https:\/\/api.w.org\/{rel}","templated":true}]}}