{"id":791,"date":"2018-02-04T21:47:14","date_gmt":"2018-02-04T20:47:14","guid":{"rendered":"http:\/\/www.natalja-pantle.com\/?page_id=791"},"modified":"2023-05-08T21:40:07","modified_gmt":"2023-05-08T19:40:07","slug":"konfliktisch","status":"publish","type":"page","link":"https:\/\/www.natalja-pantle.com\/","title":{"rendered":"Home"},"content":{"rendered":"<p><span style=\"font-size: revert;\">In Deutschland spricht man Deutsch, in Frankreich \u2013 Franz\u00f6sisch, in Italien \u2013 Italienisch und in Konfliktsituationen spricht man \u2026 Konfliktisch. Es ist eine eigene Sprache mit Ihren spezifischen Termini, ihrer Lexik, Grammatik, ihren Regeln und Ausnahmen.\u00a0Es ist unsere zweite Muttersprache, welche im Vergleich zu Deutsch von uns lange Zeit intuitiv, oft amateurhaft benutzt wird.<\/span><\/p>\n<blockquote>\n<h4>Konfliktisch ist nicht das Wichtigste im Leben. Es hilft jedoch vieles zu regeln, was uns wichtig ist.<\/h4>\n<\/blockquote>\n<p>Konfliktsituationen, Verbalangriffe sind wie VIREN. Sie k\u00f6nnen uns \u00fcberall begegnen und schw\u00e4chen. Dagegen sind wir oft machtlos. Was wir jedoch beeinflussen k\u00f6nnen ist unsere Reaktion darauf: Wir k\u00f6nnen<\/p>\n<ul>\n<li>uns angreifen lassen, erkranken und chronische Patienten werden<\/li>\n<\/ul>\n<p>ODER<\/p>\n<ul>\n<li>dieses Wehwehchen gar nicht zulassen und wenn doch erwischt \u2013 die Krankheitsdauer und den Verlauf verk\u00fcrzen und positiv ver\u00e4ndern.<\/li>\n<\/ul>\n<p>Noch Fragen? Kontaktieren\u00a0Sie uns gerne!<\/p>\n<p>Wir freuen uns auf Sie!<\/p>\n<p>Ihre Natalja Pantle<\/p>\n<p style=\"text-align: center;\">\u00a9 2022\u00a0 \u00a0 \u00a0Nachdruck nur mit Genehmigung des Autors<\/p>\n","protected":false},"excerpt":{"rendered":"<p>In Deutschland spricht man Deutsch, in Frankreich \u2013 Franz\u00f6sisch, in Italien \u2013 Italienisch und in Konfliktsituationen spricht man \u2026 Konfliktisch. Es ist eine eigene Sprache mit Ihren spezifischen Termini, ihrer Lexik, Grammatik, ihren Regeln und Ausnahmen.\u00a0Es ist unsere zweite Muttersprache, welche im Vergleich zu Deutsch von uns lange Zeit intuitiv, oft amateurhaft benutzt wird. Konfliktisch<\/p>\n","protected":false},"author":1,"featured_media":0,"parent":0,"menu_order":0,"comment_status":"closed","ping_status":"closed","template":"","meta":{"footnotes":""},"class_list":["post-791","page","type-page","status-publish","hentry"],"_links":{"self":[{"href":"https:\/\/www.natalja-pantle.com\/index.php?rest_route=\/wp\/v2\/pages\/791","targetHints":{"allow":["GET"]}}],"collection":[{"href":"https:\/\/www.natalja-pantle.com\/index.php?rest_route=\/wp\/v2\/pages"}],"about":[{"href":"https:\/\/www.natalja-pantle.com\/index.php?rest_route=\/wp\/v2\/types\/page"}],"author":[{"embeddable":true,"href":"https:\/\/www.natalja-pantle.com\/index.php?rest_route=\/wp\/v2\/users\/1"}],"replies":[{"embeddable":true,"href":"https:\/\/www.natalja-pantle.com\/index.php?rest_route=%2Fwp%2Fv2%2Fcomments&post=791"}],"version-history":[{"count":51,"href":"https:\/\/www.natalja-pantle.com\/index.php?rest_route=\/wp\/v2\/pages\/791\/revisions"}],"predecessor-version":[{"id":1425,"href":"https:\/\/www.natalja-pantle.com\/index.php?rest_route=\/wp\/v2\/pages\/791\/revisions\/1425"}],"wp:attachment":[{"href":"https:\/\/www.natalja-pantle.com\/index.php?rest_route=%2Fwp%2Fv2%2Fmedia&parent=791"}],"curies":[{"name":"wp","href":"https:\/\/api.w.org\/{rel}","templated":true}]}}